{"id":82,"date":"2017-11-27T13:12:20","date_gmt":"2017-11-27T12:12:20","guid":{"rendered":"https:\/\/residence-du-capricorne.fr\/?page_id=82"},"modified":"2020-05-05T12:30:21","modified_gmt":"2020-05-05T10:30:21","slug":"residence-capricorne","status":"publish","type":"page","link":"https:\/\/residence-du-capricorne.fr\/","title":{"rendered":"Accueil"},"content":{"rendered":"\n<p>Bienvenue sur le site de la <strong>R\u00e9sidence du Capricorne<\/strong> sur lequel tous les r\u00e9sidents, copropri\u00e9taires et locataires, peuvent consulter les informations relatives \u00e0 la vie de la r\u00e9sidence.<\/p>\n\n\n\n<h2>Les derni\u00e8re actualit\u00e9s<\/h2>\n\n\n<ul class=\"wp-block-latest-posts wp-block-latest-posts__list has-dates\"><li><a href=\"https:\/\/residence-du-capricorne.fr\/index.php\/2021\/12\/23\/permis-de-louer-avis-aux-proprietaires-bailleurs-antony\/\">Permis de louer, avis aux propri\u00e9taires bailleurs (Antony)<\/a><time datetime=\"2021-12-23T18:04:39+01:00\" class=\"wp-block-latest-posts__post-date\">23 d\u00e9cembre 2021<\/time><\/li>\n<li><a href=\"https:\/\/residence-du-capricorne.fr\/index.php\/2021\/12\/22\/nouvelle-reunion-dinformations-ag-27-decembre-2021\/\">Prochaine Assembl\u00e9e G\u00e9n\u00e9rale<br>le vendredi 29 novembre 2024 \u00e0 18h<br>salle Thellier 18 Rue Auguste Daix 94260 Fresnes.<\/a><time datetime=\"2021-12-22T19:23:04+01:00\" class=\"wp-block-latest-posts__post-date\">22 d\u00e9cembre 2021<\/time><\/li>\n<li><a href=\"https:\/\/residence-du-capricorne.fr\/index.php\/2021\/12\/14\/rapport-dinvestigations-et-diagnostic-canalisations\/\">Rapport d&rsquo;investigations et diagnostic canalisations<\/a><time datetime=\"2021-12-14T09:12:04+01:00\" class=\"wp-block-latest-posts__post-date\">14 d\u00e9cembre 2021<\/time><\/li>\n<li><a href=\"https:\/\/residence-du-capricorne.fr\/index.php\/2021\/12\/14\/horaires-loges-24-et-31-decembre\/\">Horaires loges 24 et 31 d\u00e9cembre 2021<\/a><time datetime=\"2021-12-14T09:06:37+01:00\" class=\"wp-block-latest-posts__post-date\">14 d\u00e9cembre 2021<\/time><\/li>\n<li><a href=\"https:\/\/residence-du-capricorne.fr\/index.php\/2021\/12\/07\/assemblee-generale-2\/\">ASSEMBLEE GENERALE : 10 janvier 2022<\/a><time datetime=\"2021-12-07T11:13:56+01:00\" class=\"wp-block-latest-posts__post-date\">7 d\u00e9cembre 2021<\/time><\/li>\n<\/ul>","protected":false},"excerpt":{"rendered":"<p>Bienvenue sur le site de la R\u00e9sidence du Capricorne sur lequel tous les r\u00e9sidents, copropri\u00e9taires et locataires, peuvent consulter les informations relatives \u00e0 la vie de la r\u00e9sidence. Les derni\u00e8re actualit\u00e9s<\/p>\n","protected":false},"author":1,"featured_media":0,"parent":0,"menu_order":0,"comment_status":"closed","ping_status":"closed","template":"","meta":[],"_links":{"self":[{"href":"https:\/\/residence-du-capricorne.fr\/index.php\/wp-json\/wp\/v2\/pages\/82"}],"collection":[{"href":"https:\/\/residence-du-capricorne.fr\/index.php\/wp-json\/wp\/v2\/pages"}],"about":[{"href":"https:\/\/residence-du-capricorne.fr\/index.php\/wp-json\/wp\/v2\/types\/page"}],"author":[{"embeddable":true,"href":"https:\/\/residence-du-capricorne.fr\/index.php\/wp-json\/wp\/v2\/users\/1"}],"replies":[{"embeddable":true,"href":"https:\/\/residence-du-capricorne.fr\/index.php\/wp-json\/wp\/v2\/comments?post=82"}],"version-history":[{"count":23,"href":"https:\/\/residence-du-capricorne.fr\/index.php\/wp-json\/wp\/v2\/pages\/82\/revisions"}],"predecessor-version":[{"id":492,"href":"https:\/\/residence-du-capricorne.fr\/index.php\/wp-json\/wp\/v2\/pages\/82\/revisions\/492"}],"wp:attachment":[{"href":"https:\/\/residence-du-capricorne.fr\/index.php\/wp-json\/wp\/v2\/media?parent=82"}],"curies":[{"name":"wp","href":"https:\/\/api.w.org\/{rel}","templated":true}]}}