{"id":369,"date":"2020-05-03T13:20:15","date_gmt":"2020-05-03T11:20:15","guid":{"rendered":"https:\/\/residence-du-capricorne.fr\/?page_id=369"},"modified":"2021-09-10T10:54:57","modified_gmt":"2021-09-10T08:54:57","slug":"gestion-des-dechets","status":"publish","type":"page","link":"https:\/\/residence-du-capricorne.fr\/index.php\/gestion-des-dechets\/","title":{"rendered":"Gestion des d\u00e9chets"},"content":{"rendered":"\n<h2>Composteurs<\/h2>\n\n\n\n<p>La r\u00e9sidence est \u00e9quip\u00e9e de cinq composteurs, install\u00e9s aussi bien c\u00f4t\u00e9 Antony que Fresnes. Les r\u00e9sidents sont invit\u00e9s \u00e0 d\u00e9poser leurs d\u00e9chets verts dans ces \u00e9quipements tout en respectant quelques r\u00e8gles simples.<\/p>\n\n\n\n<figure class=\"wp-block-gallery columns-3 is-cropped\"><ul class=\"blocks-gallery-grid\"><li class=\"blocks-gallery-item\"><figure><img loading=\"lazy\" width=\"1024\" height=\"683\" src=\"https:\/\/residence-du-capricorne.fr\/wp-content\/uploads\/2020\/05\/compos_fresn-1-1024x683.jpg\" alt=\"\" data-id=\"447\" data-link=\"https:\/\/residence-du-capricorne.fr\/index.php\/gestion-des-dechets\/compos_fresn-1\/\" class=\"wp-image-447\" srcset=\"https:\/\/residence-du-capricorne.fr\/wp-content\/uploads\/2020\/05\/compos_fresn-1-1024x683.jpg 1024w, https:\/\/residence-du-capricorne.fr\/wp-content\/uploads\/2020\/05\/compos_fresn-1-300x200.jpg 300w, https:\/\/residence-du-capricorne.fr\/wp-content\/uploads\/2020\/05\/compos_fresn-1-768x512.jpg 768w, https:\/\/residence-du-capricorne.fr\/wp-content\/uploads\/2020\/05\/compos_fresn-1-1536x1024.jpg 1536w, https:\/\/residence-du-capricorne.fr\/wp-content\/uploads\/2020\/05\/compos_fresn-1-1200x800.jpg 1200w, https:\/\/residence-du-capricorne.fr\/wp-content\/uploads\/2020\/05\/compos_fresn-1.jpg 1771w\" sizes=\"(max-width: 709px) 85vw, (max-width: 909px) 67vw, (max-width: 1362px) 62vw, 840px\" \/><\/figure><\/li><li class=\"blocks-gallery-item\"><figure><img loading=\"lazy\" width=\"1024\" height=\"599\" src=\"https:\/\/residence-du-capricorne.fr\/wp-content\/uploads\/2020\/05\/compos2_fresnok.jpg\" alt=\"\" data-id=\"448\" data-link=\"https:\/\/residence-du-capricorne.fr\/index.php\/gestion-des-dechets\/compos2_fresnok\/\" class=\"wp-image-448\" srcset=\"https:\/\/residence-du-capricorne.fr\/wp-content\/uploads\/2020\/05\/compos2_fresnok.jpg 1024w, https:\/\/residence-du-capricorne.fr\/wp-content\/uploads\/2020\/05\/compos2_fresnok-300x175.jpg 300w, https:\/\/residence-du-capricorne.fr\/wp-content\/uploads\/2020\/05\/compos2_fresnok-768x449.jpg 768w\" sizes=\"(max-width: 709px) 85vw, (max-width: 909px) 67vw, (max-width: 1362px) 62vw, 840px\" \/><\/figure><\/li><li class=\"blocks-gallery-item\"><figure><img loading=\"lazy\" width=\"616\" height=\"1024\" src=\"https:\/\/residence-du-capricorne.fr\/wp-content\/uploads\/2020\/05\/compost_antony-616x1024.jpg\" alt=\"\" data-id=\"463\" data-link=\"https:\/\/residence-du-capricorne.fr\/index.php\/gestion-des-dechets\/compost_antony\/\" class=\"wp-image-463\" srcset=\"https:\/\/residence-du-capricorne.fr\/wp-content\/uploads\/2020\/05\/compost_antony-616x1024.jpg 616w, https:\/\/residence-du-capricorne.fr\/wp-content\/uploads\/2020\/05\/compost_antony-181x300.jpg 181w, https:\/\/residence-du-capricorne.fr\/wp-content\/uploads\/2020\/05\/compost_antony.jpg 671w\" sizes=\"(max-width: 616px) 85vw, 616px\" \/><\/figure><\/li><li class=\"blocks-gallery-item\"><figure><img loading=\"lazy\" width=\"1024\" height=\"724\" src=\"https:\/\/residence-du-capricorne.fr\/wp-content\/uploads\/2020\/05\/compostregles-1-1024x724.jpg\" alt=\"\" data-id=\"468\" data-full-url=\"https:\/\/residence-du-capricorne.fr\/wp-content\/uploads\/2020\/05\/compostregles-1.jpg\" data-link=\"https:\/\/residence-du-capricorne.fr\/index.php\/gestion-des-dechets\/compostregles-1\/\" class=\"wp-image-468\" srcset=\"https:\/\/residence-du-capricorne.fr\/wp-content\/uploads\/2020\/05\/compostregles-1-1024x724.jpg 1024w, https:\/\/residence-du-capricorne.fr\/wp-content\/uploads\/2020\/05\/compostregles-1-300x212.jpg 300w, https:\/\/residence-du-capricorne.fr\/wp-content\/uploads\/2020\/05\/compostregles-1-768x543.jpg 768w, https:\/\/residence-du-capricorne.fr\/wp-content\/uploads\/2020\/05\/compostregles-1.jpg 1154w\" sizes=\"(max-width: 709px) 85vw, (max-width: 909px) 67vw, (max-width: 1362px) 62vw, 840px\" \/><\/figure><\/li><\/ul><\/figure>\n\n\n\n<h2>Guide du tri s\u00e9lectif<\/h2>\n\n\n\n<p>Les villes <a rel=\"noreferrer noopener\" href=\"https:\/\/www.ville-antony.fr\/files\/publications\/guide_tri_2020.pdf\" target=\"_blank\">d&rsquo;Antony<\/a> (92) et <a rel=\"noreferrer noopener\" href=\"http:\/\/www.environnement-valdebievre.fr\/tri-et-collectes\/guide-du-tri-fresnes.pdf\" target=\"_blank\">Fresnes<\/a> (94) appliquent deux politiques distinctes de gestion des d\u00e9chets.  N&rsquo;h\u00e9sitez pas \u00e0 consulter les guides pour conna\u00eetre la liste exhaustive des d\u00e9chets recyclables en fonction de votre commune.<\/p>\n\n\n\n<p>Pour consulter les r\u00e8gles de tri de votre commune, cliquer sur votre ville :<\/p>\n\n\n\n<div class=\"wp-block-group\"><div class=\"wp-block-group__inner-container\">\n<div class=\"wp-block-image\"><figure class=\"alignleft size-large\"><a href=\"https:\/\/www.ville-antony.fr\/files\/publications\/guide_du_tri_2021.pdf\" target=\"_blank\" rel=\"noopener noreferrer\"><img loading=\"lazy\" width=\"147\" height=\"211\" src=\"https:\/\/residence-du-capricorne.fr\/wp-content\/uploads\/2021\/01\/ww.jpeg\" alt=\"\" class=\"wp-image-759\"\/><\/a><figcaption>Antony(92)<\/figcaption><\/figure><\/div>\n<\/div><\/div>\n\n\n\n<div class=\"wp-block-group\"><div class=\"wp-block-group__inner-container\">\n<div class=\"wp-block-image\"><figure class=\"alignright size-medium is-resized\"><a href=\"http:\/\/www.environnement-valdebievre.fr\/tri-et-collectes\/guide-du-tri-fresnes.pdf\" target=\"_blank\" rel=\"noopener noreferrer\"><img src=\"https:\/\/residence-du-capricorne.fr\/wp-content\/uploads\/2020\/05\/Screenshot-from-2020-05-02-09-27-39-2-300x211.png\" alt=\"\" class=\"wp-image-245\" width=\"280\" srcset=\"https:\/\/residence-du-capricorne.fr\/wp-content\/uploads\/2020\/05\/Screenshot-from-2020-05-02-09-27-39-2-300x211.png 300w, https:\/\/residence-du-capricorne.fr\/wp-content\/uploads\/2020\/05\/Screenshot-from-2020-05-02-09-27-39-2-1024x721.png 1024w, https:\/\/residence-du-capricorne.fr\/wp-content\/uploads\/2020\/05\/Screenshot-from-2020-05-02-09-27-39-2-768x541.png 768w, https:\/\/residence-du-capricorne.fr\/wp-content\/uploads\/2020\/05\/Screenshot-from-2020-05-02-09-27-39-2.png 1100w\" sizes=\"(max-width: 300px) 85vw, 300px\" \/><\/a><figcaption><strong>Fresnes (94)<\/strong><\/figcaption><\/figure><\/div>\n\n\n\n<p><\/p>\n<\/div><\/div>\n\n\n\n<div class=\"wp-block-group\"><div class=\"wp-block-group__inner-container\">\n<figure class=\"wp-block-image size-large\"><img loading=\"lazy\" width=\"1024\" height=\"591\" src=\"https:\/\/residence-du-capricorne.fr\/wp-content\/uploads\/2021\/02\/ecosystem-1024x591.png\" alt=\"\" class=\"wp-image-775\" srcset=\"https:\/\/residence-du-capricorne.fr\/wp-content\/uploads\/2021\/02\/ecosystem-1024x591.png 1024w, https:\/\/residence-du-capricorne.fr\/wp-content\/uploads\/2021\/02\/ecosystem-300x173.png 300w, https:\/\/residence-du-capricorne.fr\/wp-content\/uploads\/2021\/02\/ecosystem-768x443.png 768w, https:\/\/residence-du-capricorne.fr\/wp-content\/uploads\/2021\/02\/ecosystem-1536x887.png 1536w, https:\/\/residence-du-capricorne.fr\/wp-content\/uploads\/2021\/02\/ecosystem-1200x693.png 1200w, https:\/\/residence-du-capricorne.fr\/wp-content\/uploads\/2021\/02\/ecosystem.png 1543w\" sizes=\"(max-width: 709px) 85vw, (max-width: 909px) 67vw, (max-width: 1362px) 62vw, 840px\" \/><figcaption>Des collectes sont aussi organis\u00e9es au cours de l&rsquo;ann\u00e9e 2021 \u00e0 diff\u00e9rents endroits de la ville d&rsquo;Antony.<\/figcaption><\/figure>\n<\/div><\/div>\n\n\n\n<h2>Encombrants<\/h2>\n\n\n\n<p>Les d\u00e9chets doivent \u00eatre sortis sur le trottoir la veille au soir du jour de collecte et ne doivent pas g\u00eaner la circulation des pi\u00e9tons.<\/p>\n\n\n\n<p>Ne sont pas pris en charge par le service des encombrants : les d\u00e9chets de travaux (pl\u00e2tre, gravats, vitres, poutres, sanitaires, peintures), pi\u00e8ces de moteurs, d\u00e9chets d&rsquo;\u00e9quipements \u00e9lectriques et \u00e9lectroniques (DEEE) ainsi que les d\u00e9chets dangereux.<\/p>\n\n\n\n<p>Vous pouvez aussi vous rapprocher de votre gardien pour les d\u00e9poser en amont dans les parties communes.<\/p>\n\n\n\n<div class=\"wp-block-columns\">\n<div class=\"wp-block-column\">\n<p class=\"has-text-align-center\"><strong>Antony (92)<\/strong><\/p>\n\n\n\n<div class=\"wp-block-group\"><div class=\"wp-block-group__inner-container\">\n<div class=\"wp-block-group\"><div class=\"wp-block-group__inner-container\">\n<p>Tous les 1er mardis de chaque mois<br><\/p>\n<\/div><\/div>\n<\/div><\/div>\n\n\n\n<p><\/p>\n<\/div>\n\n\n\n<div class=\"wp-block-column\">\n<p class=\"has-text-align-center\"><strong>Fresnes (94)<\/strong><\/p>\n\n\n\n<p>Tous les 3e jeudis de chaque mois<\/p>\n<\/div>\n<\/div>\n\n\n\n<div class=\"wp-block-group\"><div class=\"wp-block-group__inner-container\">\n<div class=\"wp-block-group\"><div class=\"wp-block-group__inner-container\">\n<h2>D\u00e9chetterie<\/h2>\n\n\n\n<p class=\"has-bright-red-color has-text-color\"><strong>ATTENTION : La d\u00e9ch\u00e8terie territoriale de Verri\u00e8res-le-Buisson sera ferm\u00e9e pour travaux de r\u00e9novation \u00e0 partir du 25 juillet 2021 pour une dur\u00e9e de 4 mois. Plus d&rsquo;informations: <a rel=\"noreferrer noopener\" href=\"https:\/\/www.ville-antony.fr\/actualites\/fermeture-decheterie-territoriale\" target=\"_blank\">ici<\/a><\/strong><\/p>\n\n\n\n<div class=\"wp-block-columns\">\n<div class=\"wp-block-column\">\n<p class=\"has-text-align-center\"><strong>Antony<\/strong><\/p>\n\n\n\n<p class=\"has-text-align-left\"><strong>Adresse<\/strong> : <br>7 Av. Georges Pompidou<br>91370 Verri\u00e8res-le-Buisson<br><strong>Horaires<\/strong> : <br>Lundi au samedi : 10h-12h15 et 13h30-18h30 (19h30 du 1er mars au<br>30 septembre) <br>Dimanche : 9h-12h15<\/p>\n\n\n\n<p class=\"has-text-align-left\"> <br><\/p>\n<\/div>\n\n\n\n<div class=\"wp-block-column\">\n<p class=\"has-text-align-center\"><strong>Fresnes<\/strong><\/p>\n\n\n\n<p><strong>Adresse<\/strong> : <br>Zone Cerisaie nord &#8211; rue du Stade<br>94 550 Chevilly-Larue<br><strong>Horaires<\/strong> :<br>lundi, mercredi, jeudi,<br>vendredi : 14h-18h,<br>samedi : 9h-18h<br>dimanche : 9h-12h.<\/p>\n<\/div>\n<\/div>\n<\/div><\/div>\n\n\n\n<p class=\"has-bright-red-color has-text-color\"><\/p>\n<\/div><\/div>\n\n\n\n<p><\/p>\n","protected":false},"excerpt":{"rendered":"<p>Composteurs La r\u00e9sidence est \u00e9quip\u00e9e de cinq composteurs, install\u00e9s aussi bien c\u00f4t\u00e9 Antony que Fresnes. Les r\u00e9sidents sont invit\u00e9s \u00e0 d\u00e9poser leurs d\u00e9chets verts dans ces \u00e9quipements tout en respectant quelques r\u00e8gles simples. Guide du tri s\u00e9lectif Les villes d&rsquo;Antony (92) et Fresnes (94) appliquent deux politiques distinctes de gestion des d\u00e9chets. N&rsquo;h\u00e9sitez pas \u00e0 &hellip; <a href=\"https:\/\/residence-du-capricorne.fr\/index.php\/gestion-des-dechets\/\" class=\"more-link\">Continuer la lecture<span class=\"screen-reader-text\"> de &laquo;&nbsp;Gestion des d\u00e9chets&nbsp;&raquo;<\/span><\/a><\/p>\n","protected":false},"author":1,"featured_media":0,"parent":0,"menu_order":0,"comment_status":"closed","ping_status":"closed","template":"","meta":[],"_links":{"self":[{"href":"https:\/\/residence-du-capricorne.fr\/index.php\/wp-json\/wp\/v2\/pages\/369"}],"collection":[{"href":"https:\/\/residence-du-capricorne.fr\/index.php\/wp-json\/wp\/v2\/pages"}],"about":[{"href":"https:\/\/residence-du-capricorne.fr\/index.php\/wp-json\/wp\/v2\/types\/page"}],"author":[{"embeddable":true,"href":"https:\/\/residence-du-capricorne.fr\/index.php\/wp-json\/wp\/v2\/users\/1"}],"replies":[{"embeddable":true,"href":"https:\/\/residence-du-capricorne.fr\/index.php\/wp-json\/wp\/v2\/comments?post=369"}],"version-history":[{"count":18,"href":"https:\/\/residence-du-capricorne.fr\/index.php\/wp-json\/wp\/v2\/pages\/369\/revisions"}],"predecessor-version":[{"id":804,"href":"https:\/\/residence-du-capricorne.fr\/index.php\/wp-json\/wp\/v2\/pages\/369\/revisions\/804"}],"wp:attachment":[{"href":"https:\/\/residence-du-capricorne.fr\/index.php\/wp-json\/wp\/v2\/media?parent=369"}],"curies":[{"name":"wp","href":"https:\/\/api.w.org\/{rel}","templated":true}]}}