{"id":292,"date":"2020-05-02T11:02:04","date_gmt":"2020-05-02T09:02:04","guid":{"rendered":"https:\/\/residence-du-capricorne.fr\/?page_id=292"},"modified":"2025-01-29T10:21:52","modified_gmt":"2025-01-29T09:21:52","slug":"les-immeubles","status":"publish","type":"page","link":"https:\/\/residence-du-capricorne.fr\/index.php\/les-immeubles\/","title":{"rendered":"Immeubles"},"content":{"rendered":"\n<figure class=\"wp-block-image size-large\"><img loading=\"lazy\" width=\"1024\" height=\"560\" src=\"https:\/\/residence-du-capricorne.fr\/wp-content\/uploads\/2020\/05\/Screenshot-from-2020-05-02-11-15-58-1024x560.png\" alt=\"\" class=\"wp-image-300\" srcset=\"https:\/\/residence-du-capricorne.fr\/wp-content\/uploads\/2020\/05\/Screenshot-from-2020-05-02-11-15-58-1024x560.png 1024w, https:\/\/residence-du-capricorne.fr\/wp-content\/uploads\/2020\/05\/Screenshot-from-2020-05-02-11-15-58-300x164.png 300w, https:\/\/residence-du-capricorne.fr\/wp-content\/uploads\/2020\/05\/Screenshot-from-2020-05-02-11-15-58-768x420.png 768w, https:\/\/residence-du-capricorne.fr\/wp-content\/uploads\/2020\/05\/Screenshot-from-2020-05-02-11-15-58.png 1074w\" sizes=\"(max-width: 709px) 85vw, (max-width: 909px) 67vw, (max-width: 1362px) 62vw, 840px\" \/><\/figure>\n\n\n\n<p>La r\u00e9sidence, \u00e9difi\u00e9e en 1959, est situ\u00e9e \u00e0 la fois sur les communes <a rel=\"noreferrer noopener\" href=\"https:\/\/www.ville-antony.fr\/\" target=\"_blank\">d&rsquo;Antony <\/a>(92) et <a rel=\"noreferrer noopener\" href=\"http:\/\/www.fresnes94.fr\/\" target=\"_blank\">Fresnes <\/a>(94). Elle est construite sur un terrain de 18 996 m2 et comporte 4 b\u00e2timents d&rsquo;habitation de quatre \u00e9tages (5 niveaux), 1 b\u00e2timent de sous-station (dit de <a rel=\"noreferrer noopener\" href=\"https:\/\/residence-du-capricorne.fr\/index.php\/la-chaufferie\/\" target=\"_blank\">chaufferie<\/a>) et 56 boxes. Les logements repr\u00e9sentent 11 520 m2. <\/p>\n\n\n\n<figure class=\"wp-block-gallery columns-3 is-cropped\"><ul class=\"blocks-gallery-grid\"><li class=\"blocks-gallery-item\"><figure><img loading=\"lazy\" width=\"1024\" height=\"768\" src=\"https:\/\/residence-du-capricorne.fr\/wp-content\/uploads\/2020\/05\/DSF5461-1024x768.jpg\" alt=\"\" data-id=\"584\" data-link=\"https:\/\/residence-du-capricorne.fr\/index.php\/les-immeubles\/dsf5461\/\" class=\"wp-image-584\" srcset=\"https:\/\/residence-du-capricorne.fr\/wp-content\/uploads\/2020\/05\/DSF5461-1024x768.jpg 1024w, https:\/\/residence-du-capricorne.fr\/wp-content\/uploads\/2020\/05\/DSF5461-300x225.jpg 300w, https:\/\/residence-du-capricorne.fr\/wp-content\/uploads\/2020\/05\/DSF5461-768x576.jpg 768w, https:\/\/residence-du-capricorne.fr\/wp-content\/uploads\/2020\/05\/DSF5461-1536x1152.jpg 1536w, https:\/\/residence-du-capricorne.fr\/wp-content\/uploads\/2020\/05\/DSF5461-2048x1536.jpg 2048w, https:\/\/residence-du-capricorne.fr\/wp-content\/uploads\/2020\/05\/DSF5461-1200x900.jpg 1200w\" sizes=\"(max-width: 709px) 85vw, (max-width: 909px) 67vw, (max-width: 1362px) 62vw, 840px\" \/><figcaption class=\"blocks-gallery-item__caption\"><em>B\u00e2timent A<\/em><br>R<em>ue Jean Moulin &#8211; Antony<\/em><\/figcaption><\/figure><\/li><li class=\"blocks-gallery-item\"><figure><img loading=\"lazy\" width=\"1024\" height=\"768\" src=\"https:\/\/residence-du-capricorne.fr\/wp-content\/uploads\/2020\/05\/DSF5456-1024x768.jpg\" alt=\"\" data-id=\"583\" data-link=\"https:\/\/residence-du-capricorne.fr\/index.php\/les-immeubles\/dsf5456\/\" class=\"wp-image-583\" srcset=\"https:\/\/residence-du-capricorne.fr\/wp-content\/uploads\/2020\/05\/DSF5456-1024x768.jpg 1024w, https:\/\/residence-du-capricorne.fr\/wp-content\/uploads\/2020\/05\/DSF5456-300x225.jpg 300w, https:\/\/residence-du-capricorne.fr\/wp-content\/uploads\/2020\/05\/DSF5456-768x576.jpg 768w, https:\/\/residence-du-capricorne.fr\/wp-content\/uploads\/2020\/05\/DSF5456-1536x1152.jpg 1536w, https:\/\/residence-du-capricorne.fr\/wp-content\/uploads\/2020\/05\/DSF5456-2048x1536.jpg 2048w, https:\/\/residence-du-capricorne.fr\/wp-content\/uploads\/2020\/05\/DSF5456-1200x900.jpg 1200w\" sizes=\"(max-width: 709px) 85vw, (max-width: 909px) 67vw, (max-width: 1362px) 62vw, 840px\" \/><figcaption class=\"blocks-gallery-item__caption\"><em>B\u00e2timent B<\/em><br><em> Rue du Capricorne &#8211; Antony<\/em><\/figcaption><\/figure><\/li><li class=\"blocks-gallery-item\"><figure><img loading=\"lazy\" width=\"1024\" height=\"768\" src=\"https:\/\/residence-du-capricorne.fr\/wp-content\/uploads\/2020\/05\/DSF5465-1024x768.jpg\" alt=\"\" data-id=\"581\" data-link=\"https:\/\/residence-du-capricorne.fr\/index.php\/les-immeubles\/dsf5465\/\" class=\"wp-image-581\" srcset=\"https:\/\/residence-du-capricorne.fr\/wp-content\/uploads\/2020\/05\/DSF5465-1024x768.jpg 1024w, https:\/\/residence-du-capricorne.fr\/wp-content\/uploads\/2020\/05\/DSF5465-300x225.jpg 300w, https:\/\/residence-du-capricorne.fr\/wp-content\/uploads\/2020\/05\/DSF5465-768x576.jpg 768w, https:\/\/residence-du-capricorne.fr\/wp-content\/uploads\/2020\/05\/DSF5465-1536x1152.jpg 1536w, https:\/\/residence-du-capricorne.fr\/wp-content\/uploads\/2020\/05\/DSF5465-2048x1536.jpg 2048w, https:\/\/residence-du-capricorne.fr\/wp-content\/uploads\/2020\/05\/DSF5465-1200x900.jpg 1200w\" sizes=\"(max-width: 709px) 85vw, (max-width: 909px) 67vw, (max-width: 1362px) 62vw, 840px\" \/><figcaption class=\"blocks-gallery-item__caption\"><em>B\u00e2timent B<\/em><br><em>Rue du Capricorne &#8211; Antony<\/em><\/figcaption><\/figure><\/li><li class=\"blocks-gallery-item\"><figure><img loading=\"lazy\" width=\"1024\" height=\"768\" src=\"https:\/\/residence-du-capricorne.fr\/wp-content\/uploads\/2020\/05\/DSF5454-1024x768.jpg\" alt=\"\" data-id=\"579\" data-link=\"https:\/\/residence-du-capricorne.fr\/index.php\/les-immeubles\/dsf5454\/\" class=\"wp-image-579\" srcset=\"https:\/\/residence-du-capricorne.fr\/wp-content\/uploads\/2020\/05\/DSF5454-1024x768.jpg 1024w, https:\/\/residence-du-capricorne.fr\/wp-content\/uploads\/2020\/05\/DSF5454-300x225.jpg 300w, https:\/\/residence-du-capricorne.fr\/wp-content\/uploads\/2020\/05\/DSF5454-768x576.jpg 768w, https:\/\/residence-du-capricorne.fr\/wp-content\/uploads\/2020\/05\/DSF5454-1536x1152.jpg 1536w, https:\/\/residence-du-capricorne.fr\/wp-content\/uploads\/2020\/05\/DSF5454-2048x1536.jpg 2048w, https:\/\/residence-du-capricorne.fr\/wp-content\/uploads\/2020\/05\/DSF5454-1200x900.jpg 1200w\" sizes=\"(max-width: 709px) 85vw, (max-width: 909px) 67vw, (max-width: 1362px) 62vw, 840px\" \/><figcaption class=\"blocks-gallery-item__caption\"><em>B\u00e2timent C<\/em><br><em>Bld Jean-Jaur\u00e8s &#8211; Fresnes<\/em><\/figcaption><\/figure><\/li><li class=\"blocks-gallery-item\"><figure><img loading=\"lazy\" width=\"1024\" height=\"768\" src=\"https:\/\/residence-du-capricorne.fr\/wp-content\/uploads\/2020\/05\/DSF5450-1-1024x768.jpg\" alt=\"\" data-id=\"578\" data-link=\"https:\/\/residence-du-capricorne.fr\/index.php\/les-immeubles\/dsf5450-1\/\" class=\"wp-image-578\" srcset=\"https:\/\/residence-du-capricorne.fr\/wp-content\/uploads\/2020\/05\/DSF5450-1-1024x768.jpg 1024w, https:\/\/residence-du-capricorne.fr\/wp-content\/uploads\/2020\/05\/DSF5450-1-300x225.jpg 300w, https:\/\/residence-du-capricorne.fr\/wp-content\/uploads\/2020\/05\/DSF5450-1-768x576.jpg 768w, https:\/\/residence-du-capricorne.fr\/wp-content\/uploads\/2020\/05\/DSF5450-1-1536x1152.jpg 1536w, https:\/\/residence-du-capricorne.fr\/wp-content\/uploads\/2020\/05\/DSF5450-1-2048x1536.jpg 2048w, https:\/\/residence-du-capricorne.fr\/wp-content\/uploads\/2020\/05\/DSF5450-1-1200x900.jpg 1200w\" sizes=\"(max-width: 709px) 85vw, (max-width: 909px) 67vw, (max-width: 1362px) 62vw, 840px\" \/><figcaption class=\"blocks-gallery-item__caption\"><em>B\u00e2timent D<\/em><br><em>Bld Pasteur- Fresnes<\/em><\/figcaption><\/figure><\/li><li class=\"blocks-gallery-item\"><figure><img loading=\"lazy\" width=\"1024\" height=\"768\" src=\"https:\/\/residence-du-capricorne.fr\/wp-content\/uploads\/2020\/05\/DSF5466-1024x768.jpg\" alt=\"\" data-id=\"587\" data-full-url=\"https:\/\/residence-du-capricorne.fr\/wp-content\/uploads\/2020\/05\/DSF5466-scaled.jpg\" data-link=\"https:\/\/residence-du-capricorne.fr\/index.php\/les-immeubles\/dsf5466\/\" class=\"wp-image-587\" srcset=\"https:\/\/residence-du-capricorne.fr\/wp-content\/uploads\/2020\/05\/DSF5466-1024x768.jpg 1024w, https:\/\/residence-du-capricorne.fr\/wp-content\/uploads\/2020\/05\/DSF5466-300x225.jpg 300w, https:\/\/residence-du-capricorne.fr\/wp-content\/uploads\/2020\/05\/DSF5466-768x576.jpg 768w, https:\/\/residence-du-capricorne.fr\/wp-content\/uploads\/2020\/05\/DSF5466-1536x1152.jpg 1536w, https:\/\/residence-du-capricorne.fr\/wp-content\/uploads\/2020\/05\/DSF5466-2048x1536.jpg 2048w, https:\/\/residence-du-capricorne.fr\/wp-content\/uploads\/2020\/05\/DSF5466-1200x900.jpg 1200w\" sizes=\"(max-width: 709px) 85vw, (max-width: 909px) 67vw, (max-width: 1362px) 62vw, 840px\" \/><figcaption class=\"blocks-gallery-item__caption\">Boxes &#8211; Antony<\/figcaption><\/figure><\/li><\/ul><\/figure>\n\n\n\n<p>Le toit des immeubles est de type \u00ab toiture terrasse \u00bb. Il est compos\u00e9 d&rsquo;un rev\u00eatement d&rsquo;\u00e9tanch\u00e9it\u00e9 recouvert de gravier et de garde corps. L&rsquo;ensemble de la surface fait l&rsquo;objet d&rsquo;un entretien annuel.<\/p>\n\n\n\n<figure class=\"wp-block-gallery columns-3 is-cropped\"><ul class=\"blocks-gallery-grid\"><li class=\"blocks-gallery-item\"><figure><img loading=\"lazy\" width=\"576\" height=\"1024\" src=\"https:\/\/residence-du-capricorne.fr\/wp-content\/uploads\/2020\/05\/IMG_20180807_195318-576x1024.jpg\" alt=\"\" data-id=\"615\" data-full-url=\"https:\/\/residence-du-capricorne.fr\/wp-content\/uploads\/2020\/05\/IMG_20180807_195318-scaled.jpg\" data-link=\"https:\/\/residence-du-capricorne.fr\/index.php\/les-immeubles\/img_20180807_195318\/\" class=\"wp-image-615\" srcset=\"https:\/\/residence-du-capricorne.fr\/wp-content\/uploads\/2020\/05\/IMG_20180807_195318-576x1024.jpg 576w, https:\/\/residence-du-capricorne.fr\/wp-content\/uploads\/2020\/05\/IMG_20180807_195318-169x300.jpg 169w, https:\/\/residence-du-capricorne.fr\/wp-content\/uploads\/2020\/05\/IMG_20180807_195318-768x1365.jpg 768w, https:\/\/residence-du-capricorne.fr\/wp-content\/uploads\/2020\/05\/IMG_20180807_195318-864x1536.jpg 864w, https:\/\/residence-du-capricorne.fr\/wp-content\/uploads\/2020\/05\/IMG_20180807_195318-1152x2048.jpg 1152w, https:\/\/residence-du-capricorne.fr\/wp-content\/uploads\/2020\/05\/IMG_20180807_195318-1200x2133.jpg 1200w, https:\/\/residence-du-capricorne.fr\/wp-content\/uploads\/2020\/05\/IMG_20180807_195318-scaled.jpg 1440w\" sizes=\"(max-width: 576px) 85vw, 576px\" \/><\/figure><\/li><li class=\"blocks-gallery-item\"><figure><img loading=\"lazy\" width=\"576\" height=\"1024\" src=\"https:\/\/residence-du-capricorne.fr\/wp-content\/uploads\/2020\/05\/IMG_20180807_195604-576x1024.jpg\" alt=\"\" data-id=\"616\" data-full-url=\"https:\/\/residence-du-capricorne.fr\/wp-content\/uploads\/2020\/05\/IMG_20180807_195604-scaled.jpg\" data-link=\"https:\/\/residence-du-capricorne.fr\/index.php\/les-immeubles\/img_20180807_195604\/\" class=\"wp-image-616\" srcset=\"https:\/\/residence-du-capricorne.fr\/wp-content\/uploads\/2020\/05\/IMG_20180807_195604-576x1024.jpg 576w, https:\/\/residence-du-capricorne.fr\/wp-content\/uploads\/2020\/05\/IMG_20180807_195604-169x300.jpg 169w, https:\/\/residence-du-capricorne.fr\/wp-content\/uploads\/2020\/05\/IMG_20180807_195604-768x1365.jpg 768w, https:\/\/residence-du-capricorne.fr\/wp-content\/uploads\/2020\/05\/IMG_20180807_195604-864x1536.jpg 864w, https:\/\/residence-du-capricorne.fr\/wp-content\/uploads\/2020\/05\/IMG_20180807_195604-1152x2048.jpg 1152w, https:\/\/residence-du-capricorne.fr\/wp-content\/uploads\/2020\/05\/IMG_20180807_195604-1200x2133.jpg 1200w, https:\/\/residence-du-capricorne.fr\/wp-content\/uploads\/2020\/05\/IMG_20180807_195604-scaled.jpg 1440w\" sizes=\"(max-width: 576px) 85vw, 576px\" \/><\/figure><\/li><li class=\"blocks-gallery-item\"><figure><img loading=\"lazy\" width=\"576\" height=\"1024\" src=\"https:\/\/residence-du-capricorne.fr\/wp-content\/uploads\/2020\/05\/IMG_20180807_195607-1-576x1024.jpg\" alt=\"\" data-id=\"617\" data-full-url=\"https:\/\/residence-du-capricorne.fr\/wp-content\/uploads\/2020\/05\/IMG_20180807_195607-1-scaled.jpg\" data-link=\"https:\/\/residence-du-capricorne.fr\/index.php\/les-immeubles\/img_20180807_195607-1\/\" class=\"wp-image-617\" srcset=\"https:\/\/residence-du-capricorne.fr\/wp-content\/uploads\/2020\/05\/IMG_20180807_195607-1-576x1024.jpg 576w, https:\/\/residence-du-capricorne.fr\/wp-content\/uploads\/2020\/05\/IMG_20180807_195607-1-169x300.jpg 169w, https:\/\/residence-du-capricorne.fr\/wp-content\/uploads\/2020\/05\/IMG_20180807_195607-1-768x1365.jpg 768w, https:\/\/residence-du-capricorne.fr\/wp-content\/uploads\/2020\/05\/IMG_20180807_195607-1-864x1536.jpg 864w, https:\/\/residence-du-capricorne.fr\/wp-content\/uploads\/2020\/05\/IMG_20180807_195607-1-1152x2048.jpg 1152w, https:\/\/residence-du-capricorne.fr\/wp-content\/uploads\/2020\/05\/IMG_20180807_195607-1-1200x2133.jpg 1200w, https:\/\/residence-du-capricorne.fr\/wp-content\/uploads\/2020\/05\/IMG_20180807_195607-1-scaled.jpg 1440w\" sizes=\"(max-width: 576px) 85vw, 576px\" \/><\/figure><\/li><\/ul><\/figure>\n","protected":false},"excerpt":{"rendered":"<p>La r\u00e9sidence, \u00e9difi\u00e9e en 1959, est situ\u00e9e \u00e0 la fois sur les communes d&rsquo;Antony (92) et Fresnes (94). Elle est construite sur un terrain de 18 996 m2 et comporte 4 b\u00e2timents d&rsquo;habitation de quatre \u00e9tages (5 niveaux), 1 b\u00e2timent de sous-station (dit de chaufferie) et 56 boxes. Les logements repr\u00e9sentent 11 520 m2. Le &hellip; <a href=\"https:\/\/residence-du-capricorne.fr\/index.php\/les-immeubles\/\" class=\"more-link\">Continuer la lecture<span class=\"screen-reader-text\"> de &laquo;&nbsp;Immeubles&nbsp;&raquo;<\/span><\/a><\/p>\n","protected":false},"author":1,"featured_media":0,"parent":0,"menu_order":0,"comment_status":"closed","ping_status":"closed","template":"","meta":[],"_links":{"self":[{"href":"https:\/\/residence-du-capricorne.fr\/index.php\/wp-json\/wp\/v2\/pages\/292"}],"collection":[{"href":"https:\/\/residence-du-capricorne.fr\/index.php\/wp-json\/wp\/v2\/pages"}],"about":[{"href":"https:\/\/residence-du-capricorne.fr\/index.php\/wp-json\/wp\/v2\/types\/page"}],"author":[{"embeddable":true,"href":"https:\/\/residence-du-capricorne.fr\/index.php\/wp-json\/wp\/v2\/users\/1"}],"replies":[{"embeddable":true,"href":"https:\/\/residence-du-capricorne.fr\/index.php\/wp-json\/wp\/v2\/comments?post=292"}],"version-history":[{"count":20,"href":"https:\/\/residence-du-capricorne.fr\/index.php\/wp-json\/wp\/v2\/pages\/292\/revisions"}],"predecessor-version":[{"id":852,"href":"https:\/\/residence-du-capricorne.fr\/index.php\/wp-json\/wp\/v2\/pages\/292\/revisions\/852"}],"wp:attachment":[{"href":"https:\/\/residence-du-capricorne.fr\/index.php\/wp-json\/wp\/v2\/media?parent=292"}],"curies":[{"name":"wp","href":"https:\/\/api.w.org\/{rel}","templated":true}]}}