{"id":280,"date":"2020-05-02T11:00:19","date_gmt":"2020-05-02T09:00:19","guid":{"rendered":"https:\/\/residence-du-capricorne.fr\/?page_id=280"},"modified":"2020-05-12T09:10:20","modified_gmt":"2020-05-12T07:10:20","slug":"les-appartements","status":"publish","type":"page","link":"https:\/\/residence-du-capricorne.fr\/index.php\/les-appartements\/","title":{"rendered":"Appartements"},"content":{"rendered":"\n<p>La r\u00e9sidence est compos\u00e9e de 209 logements dont 2 r\u00e9serv\u00e9s aux <a href=\"https:\/\/residence-du-capricorne.fr\/index.php\/contact\/\" target=\"_blank\" rel=\"noreferrer noopener\">couples de gardiens<\/a> (un c\u00f4t\u00e9 Antony, un c\u00f4t\u00e9 Fresnes) r\u00e9partis sur 4 immeubles.<\/p>\n\n\n\n<figure class=\"wp-block-image size-large\"><img loading=\"lazy\" width=\"1024\" height=\"560\" src=\"https:\/\/residence-du-capricorne.fr\/wp-content\/uploads\/2020\/05\/Screenshot-from-2020-05-02-11-15-58-1024x560.png\" alt=\"\" class=\"wp-image-300\" srcset=\"https:\/\/residence-du-capricorne.fr\/wp-content\/uploads\/2020\/05\/Screenshot-from-2020-05-02-11-15-58-1024x560.png 1024w, https:\/\/residence-du-capricorne.fr\/wp-content\/uploads\/2020\/05\/Screenshot-from-2020-05-02-11-15-58-300x164.png 300w, https:\/\/residence-du-capricorne.fr\/wp-content\/uploads\/2020\/05\/Screenshot-from-2020-05-02-11-15-58-768x420.png 768w, https:\/\/residence-du-capricorne.fr\/wp-content\/uploads\/2020\/05\/Screenshot-from-2020-05-02-11-15-58.png 1074w\" sizes=\"(max-width: 709px) 85vw, (max-width: 909px) 67vw, (max-width: 1362px) 62vw, 840px\" \/><\/figure>\n\n\n\n<figure class=\"wp-block-table\"><table><tbody><tr><td><\/td><td class=\"has-text-align-center\" data-align=\"center\">F2<\/td><td class=\"has-text-align-center\" data-align=\"center\">F3<\/td><td class=\"has-text-align-center\" data-align=\"center\">F4<\/td><td class=\"has-text-align-center\" data-align=\"center\">F5<\/td><\/tr><tr><td>B\u00e2timent A<\/td><td class=\"has-text-align-center\" data-align=\"center\">5<\/td><td class=\"has-text-align-center\" data-align=\"center\">25<\/td><td class=\"has-text-align-center\" data-align=\"center\">20<\/td><td class=\"has-text-align-center\" data-align=\"center\">\/<\/td><\/tr><tr><td>B\u00e2timent B<\/td><td class=\"has-text-align-center\" data-align=\"center\">\/<\/td><td class=\"has-text-align-center\" data-align=\"center\">56<\/td><td class=\"has-text-align-center\" data-align=\"center\">\/<\/td><td class=\"has-text-align-center\" data-align=\"center\">4<\/td><\/tr><tr><td>B\u00e2timent C<\/td><td class=\"has-text-align-center\" data-align=\"center\">\/<\/td><td class=\"has-text-align-center\" data-align=\"center\">21<\/td><td class=\"has-text-align-center\" data-align=\"center\">25<\/td><td class=\"has-text-align-center\" data-align=\"center\">4<\/td><\/tr><tr><td>B\u00e2timent D<\/td><td class=\"has-text-align-center\" data-align=\"center\">\/<\/td><td class=\"has-text-align-center\" data-align=\"center\">20<\/td><td class=\"has-text-align-center\" data-align=\"center\">19<\/td><td class=\"has-text-align-center\" data-align=\"center\">10<\/td><\/tr><\/tbody><\/table><figcaption>R\u00e9partition des types d&rsquo;appartements \u00e0 la construction de la r\u00e9sidence<\/figcaption><\/figure>\n\n\n\n<p>Depuis la construction de la r\u00e9sidence (1959), les appartements ont beaucoup \u00e9volu\u00e9 pour s&rsquo;adapter aux habitudes de vie des g\u00e9n\u00e9rations successives.<\/p>\n\n\n\n<h2>Plans<\/h2>\n\n\n\n<p>Les plans d&rsquo;origines de l&rsquo;architecte sont disponibles au format num\u00e9rique au conseil syndical. N&rsquo;h\u00e9sitez pas \u00e0 les demander pour r\u00e9aliser vos projets. Le conseil syndical est \u00e9galement en train de r\u00e9aliser les maquettes 3D des diff\u00e9rents types d&rsquo;appartements.<\/p>\n\n\n\n<figure class=\"wp-block-image size-large\"><img loading=\"lazy\" width=\"1024\" height=\"783\" src=\"https:\/\/residence-du-capricorne.fr\/wp-content\/uploads\/2020\/05\/Screenshot-from-2020-05-03-14-11-36-1024x783.png\" alt=\"\" class=\"wp-image-381\" srcset=\"https:\/\/residence-du-capricorne.fr\/wp-content\/uploads\/2020\/05\/Screenshot-from-2020-05-03-14-11-36-1024x783.png 1024w, https:\/\/residence-du-capricorne.fr\/wp-content\/uploads\/2020\/05\/Screenshot-from-2020-05-03-14-11-36-300x229.png 300w, https:\/\/residence-du-capricorne.fr\/wp-content\/uploads\/2020\/05\/Screenshot-from-2020-05-03-14-11-36-768x587.png 768w, https:\/\/residence-du-capricorne.fr\/wp-content\/uploads\/2020\/05\/Screenshot-from-2020-05-03-14-11-36.png 1128w\" sizes=\"(max-width: 709px) 85vw, (max-width: 909px) 67vw, (max-width: 1362px) 62vw, 840px\" \/><figcaption>Maquette 3D r\u00e9alis\u00e9e avec le logiciel libre <a rel=\"noreferrer noopener\" href=\"http:\/\/www.sweethome3d.com\/fr\/\" target=\"_blank\">Sweet Home 3D<\/a> &#8211; F4 avec double s\u00e9jour<\/figcaption><\/figure>\n\n\n\n<h2>Caract\u00e9ristiques communes<\/h2>\n\n\n\n<p><strong>Ventilation<\/strong><\/p>\n\n\n\n<p>La ventilation des appartements est dite \u00ab naturelle \u00bb. C&rsquo;est-\u00e0-dire que la circulation de l&rsquo;air se fait sans aide m\u00e9canique (pas de VMC ). Pour une a\u00e9ration optimum, il faut veiller \u00e0 ce que l&rsquo;air circule correctement dans le logement (grilles d&rsquo;a\u00e9ration sur les fen\u00eatres, espace suffisant entre le plancher et le bas des portes, grilles d&rsquo;\u00e9vacuation d&rsquo;air haute non obstru\u00e9es&#8230;).<br>Le r\u00e9seau de ventilation a \u00e9t\u00e9 ramon\u00e9 en septembre 2019. <\/p>\n\n\n\n<p><strong>Chauffage<\/strong> <\/p>\n\n\n\n<p>Les appartements disposent d&rsquo;un syst\u00e8me de<a href=\"https:\/\/residence-du-capricorne.fr\/index.php\/la-chaufferie\/\" target=\"_blank\" rel=\"noreferrer noopener\"> chauffage collectif<\/a> par le sol et le plafond. Un d\u00e9sembouage et un \u00e9quilibrage du r\u00e9seau ont \u00e9t\u00e9 effectu\u00e9 en 2018\/2019 <em>.<\/em><\/p>\n\n\n\n<p><strong>Balcons<\/strong><\/p>\n\n\n\n<p>Les balcons ont \u00e9t\u00e9 r\u00e9nov\u00e9 et sont recouverts d&rsquo;un syst\u00e8me d&rsquo;\u00e9tanch\u00e9it\u00e9 liquide (SEL). Si vous souhaitez installer du carrelage ou un vernis, vous devez vous reporter au cahier des charges.<\/p>\n\n\n\n<p><strong>Vide-ordures<\/strong><\/p>\n\n\n\n<p>Les appartements disposent depuis leur conception de vide-ordures dans les cuisines. Il est possible de les condamner sans autorisation pr\u00e9alable.<br>Les conduits vide-ordures sont d\u00e9sinfect\u00e9s deux fois par an.<\/p>\n\n\n\n<h2>R\u00e8gles \u00e0 respecter<\/h2>\n\n\n\n<p>Les copropri\u00e9taires sont \u00e9videmment libres de l&rsquo;am\u00e9nagement de leur appartement. Cependant quelques r\u00e8gles sont \u00e0 respecter :<\/p>\n\n\n\n<ul><li>Les fen\u00eatres (en aluminium)<\/li><li>Brises vue &#8211; Lien vers le cahier des charges<\/li><li>Interdiction de percer sols et plafonds en raison du passage des tuyaux de chauffage<\/li><li>En cas de gros travaux, la suppression d&rsquo;un mur porteur doit faire l&rsquo;objet d&rsquo;un vote en assembl\u00e9e g\u00e9n\u00e9rale<\/li><li>Les jardini\u00e8res doivent \u00eatre \u00e0 l&rsquo;int\u00e9rieur des balcons pour des raisons de s\u00e9curit\u00e9 en cas de chute<\/li><\/ul>\n\n\n\n<p>De fa\u00e7on g\u00e9n\u00e9rale, pour savoir quel type de travaux il est possible de r\u00e9aliser, il y a une r\u00e8gle simple : \u00ab <strong>Toute modification entra\u00eenant la modification des fa\u00e7ades et de l&rsquo;harmonie globale de la r\u00e9sidence doit faire l&rsquo;objet d&rsquo;un vote en assembl\u00e9e g\u00e9n\u00e9rale<\/strong> \u00bb. En cas de doute, n&rsquo;h\u00e9sitez pas \u00e0 contacter le <a href=\"https:\/\/residence-du-capricorne.fr\/index.php\/contact\/\">conseil syndical<\/a>.<\/p>\n\n\n\n<p><\/p>\n","protected":false},"excerpt":{"rendered":"<p>La r\u00e9sidence est compos\u00e9e de 209 logements dont 2 r\u00e9serv\u00e9s aux couples de gardiens (un c\u00f4t\u00e9 Antony, un c\u00f4t\u00e9 Fresnes) r\u00e9partis sur 4 immeubles. F2 F3 F4 F5 B\u00e2timent A 5 25 20 \/ B\u00e2timent B \/ 56 \/ 4 B\u00e2timent C \/ 21 25 4 B\u00e2timent D \/ 20 19 10 R\u00e9partition des types &hellip; <a href=\"https:\/\/residence-du-capricorne.fr\/index.php\/les-appartements\/\" class=\"more-link\">Continuer la lecture<span class=\"screen-reader-text\"> de &laquo;&nbsp;Appartements&nbsp;&raquo;<\/span><\/a><\/p>\n","protected":false},"author":1,"featured_media":384,"parent":0,"menu_order":0,"comment_status":"closed","ping_status":"closed","template":"","meta":[],"_links":{"self":[{"href":"https:\/\/residence-du-capricorne.fr\/index.php\/wp-json\/wp\/v2\/pages\/280"}],"collection":[{"href":"https:\/\/residence-du-capricorne.fr\/index.php\/wp-json\/wp\/v2\/pages"}],"about":[{"href":"https:\/\/residence-du-capricorne.fr\/index.php\/wp-json\/wp\/v2\/types\/page"}],"author":[{"embeddable":true,"href":"https:\/\/residence-du-capricorne.fr\/index.php\/wp-json\/wp\/v2\/users\/1"}],"replies":[{"embeddable":true,"href":"https:\/\/residence-du-capricorne.fr\/index.php\/wp-json\/wp\/v2\/comments?post=280"}],"version-history":[{"count":24,"href":"https:\/\/residence-du-capricorne.fr\/index.php\/wp-json\/wp\/v2\/pages\/280\/revisions"}],"predecessor-version":[{"id":529,"href":"https:\/\/residence-du-capricorne.fr\/index.php\/wp-json\/wp\/v2\/pages\/280\/revisions\/529"}],"wp:featuredmedia":[{"embeddable":true,"href":"https:\/\/residence-du-capricorne.fr\/index.php\/wp-json\/wp\/v2\/media\/384"}],"wp:attachment":[{"href":"https:\/\/residence-du-capricorne.fr\/index.php\/wp-json\/wp\/v2\/media?parent=280"}],"curies":[{"name":"wp","href":"https:\/\/api.w.org\/{rel}","templated":true}]}}