{"id":276,"date":"2020-05-02T10:57:45","date_gmt":"2020-05-02T08:57:45","guid":{"rendered":"https:\/\/residence-du-capricorne.fr\/?page_id=276"},"modified":"2020-05-28T09:31:05","modified_gmt":"2020-05-28T07:31:05","slug":"la-chaufferie","status":"publish","type":"page","link":"https:\/\/residence-du-capricorne.fr\/index.php\/la-chaufferie\/","title":{"rendered":"Chaufferie"},"content":{"rendered":"\n<p><em><strong>Article en cours de r\u00e9daction sur le fonctionnement de la chaufferie.<\/strong><\/em><\/p>\n\n\n\n<p><a href=\"http:\/\/www.fresnes94.fr\/a-votre-service\/environnement\/geothermie\/\" target=\"_blank\" rel=\"noreferrer noopener\">La centrale de g\u00e9othermie Sofr\u00e8ge,<\/a> install\u00e9e \u00e0 Fresnes, fournit en grande majorit\u00e9 la chaleur pour la r\u00e9sidence (chauffage et eau chaude). <br>Cette installation permet d\u2019\u00e9viter le recours massif aux \u00e9nergies fossiles et donc de limiter les \u00e9missions de gaz \u00e0 effet de serre.<\/p>\n\n\n\n<p>La sous-station (ou chaufferie) de la r\u00e9sidence est g\u00e9r\u00e9e par <a href=\"https:\/\/www.dalkia.fr\/fr\" target=\"_blank\" rel=\"noreferrer noopener\">Dalkia,<\/a> depuis septembre 2018. La soci\u00e9t\u00e9 a notamment en charge l&rsquo;entretien du r\u00e9seau interne et la distribution de la chaleur au sein des b\u00e2timents de la r\u00e9sidence.<\/p>\n\n\n\n<figure class=\"wp-block-gallery columns-3 is-cropped\"><ul class=\"blocks-gallery-grid\"><li class=\"blocks-gallery-item\"><figure><img loading=\"lazy\" width=\"1024\" height=\"819\" src=\"https:\/\/residence-du-capricorne.fr\/wp-content\/uploads\/2020\/05\/DSC8347-1024x819.jpg\" alt=\"\" data-id=\"453\" data-full-url=\"https:\/\/residence-du-capricorne.fr\/wp-content\/uploads\/2020\/05\/DSC8347-scaled.jpg\" data-link=\"https:\/\/residence-du-capricorne.fr\/index.php\/la-chaufferie\/dsc8347\/\" class=\"wp-image-453\" srcset=\"https:\/\/residence-du-capricorne.fr\/wp-content\/uploads\/2020\/05\/DSC8347-1024x819.jpg 1024w, https:\/\/residence-du-capricorne.fr\/wp-content\/uploads\/2020\/05\/DSC8347-300x240.jpg 300w, https:\/\/residence-du-capricorne.fr\/wp-content\/uploads\/2020\/05\/DSC8347-768x614.jpg 768w, https:\/\/residence-du-capricorne.fr\/wp-content\/uploads\/2020\/05\/DSC8347-1536x1229.jpg 1536w, https:\/\/residence-du-capricorne.fr\/wp-content\/uploads\/2020\/05\/DSC8347-2048x1638.jpg 2048w, https:\/\/residence-du-capricorne.fr\/wp-content\/uploads\/2020\/05\/DSC8347-1200x960.jpg 1200w\" sizes=\"(max-width: 709px) 85vw, (max-width: 909px) 67vw, (max-width: 1362px) 62vw, 840px\" \/><\/figure><\/li><li class=\"blocks-gallery-item\"><figure><img loading=\"lazy\" width=\"1024\" height=\"819\" src=\"https:\/\/residence-du-capricorne.fr\/wp-content\/uploads\/2020\/05\/DSC8348-1024x819.jpg\" alt=\"\" data-id=\"454\" data-full-url=\"https:\/\/residence-du-capricorne.fr\/wp-content\/uploads\/2020\/05\/DSC8348-scaled.jpg\" data-link=\"https:\/\/residence-du-capricorne.fr\/index.php\/la-chaufferie\/dsc8348\/\" class=\"wp-image-454\" srcset=\"https:\/\/residence-du-capricorne.fr\/wp-content\/uploads\/2020\/05\/DSC8348-1024x819.jpg 1024w, https:\/\/residence-du-capricorne.fr\/wp-content\/uploads\/2020\/05\/DSC8348-300x240.jpg 300w, https:\/\/residence-du-capricorne.fr\/wp-content\/uploads\/2020\/05\/DSC8348-768x614.jpg 768w, https:\/\/residence-du-capricorne.fr\/wp-content\/uploads\/2020\/05\/DSC8348-1536x1229.jpg 1536w, https:\/\/residence-du-capricorne.fr\/wp-content\/uploads\/2020\/05\/DSC8348-2048x1638.jpg 2048w, https:\/\/residence-du-capricorne.fr\/wp-content\/uploads\/2020\/05\/DSC8348-1200x960.jpg 1200w\" sizes=\"(max-width: 709px) 85vw, (max-width: 909px) 67vw, (max-width: 1362px) 62vw, 840px\" \/><\/figure><\/li><li class=\"blocks-gallery-item\"><figure><img loading=\"lazy\" width=\"1024\" height=\"819\" src=\"https:\/\/residence-du-capricorne.fr\/wp-content\/uploads\/2020\/05\/DSC8355-1024x819.jpg\" alt=\"\" data-id=\"455\" data-full-url=\"https:\/\/residence-du-capricorne.fr\/wp-content\/uploads\/2020\/05\/DSC8355-scaled.jpg\" data-link=\"https:\/\/residence-du-capricorne.fr\/index.php\/la-chaufferie\/dsc8355\/\" class=\"wp-image-455\" srcset=\"https:\/\/residence-du-capricorne.fr\/wp-content\/uploads\/2020\/05\/DSC8355-1024x819.jpg 1024w, https:\/\/residence-du-capricorne.fr\/wp-content\/uploads\/2020\/05\/DSC8355-300x240.jpg 300w, https:\/\/residence-du-capricorne.fr\/wp-content\/uploads\/2020\/05\/DSC8355-768x614.jpg 768w, https:\/\/residence-du-capricorne.fr\/wp-content\/uploads\/2020\/05\/DSC8355-1536x1229.jpg 1536w, https:\/\/residence-du-capricorne.fr\/wp-content\/uploads\/2020\/05\/DSC8355-2048x1638.jpg 2048w, https:\/\/residence-du-capricorne.fr\/wp-content\/uploads\/2020\/05\/DSC8355-1200x960.jpg 1200w\" sizes=\"(max-width: 709px) 85vw, (max-width: 909px) 67vw, (max-width: 1362px) 62vw, 840px\" \/><\/figure><\/li><li class=\"blocks-gallery-item\"><figure><img loading=\"lazy\" width=\"1024\" height=\"819\" src=\"https:\/\/residence-du-capricorne.fr\/wp-content\/uploads\/2020\/05\/DSC8356-1024x819.jpg\" alt=\"\" data-id=\"456\" data-full-url=\"https:\/\/residence-du-capricorne.fr\/wp-content\/uploads\/2020\/05\/DSC8356-scaled.jpg\" data-link=\"https:\/\/residence-du-capricorne.fr\/index.php\/la-chaufferie\/dsc8356\/\" class=\"wp-image-456\" srcset=\"https:\/\/residence-du-capricorne.fr\/wp-content\/uploads\/2020\/05\/DSC8356-1024x819.jpg 1024w, https:\/\/residence-du-capricorne.fr\/wp-content\/uploads\/2020\/05\/DSC8356-300x240.jpg 300w, https:\/\/residence-du-capricorne.fr\/wp-content\/uploads\/2020\/05\/DSC8356-768x614.jpg 768w, https:\/\/residence-du-capricorne.fr\/wp-content\/uploads\/2020\/05\/DSC8356-1536x1229.jpg 1536w, https:\/\/residence-du-capricorne.fr\/wp-content\/uploads\/2020\/05\/DSC8356-2048x1638.jpg 2048w, https:\/\/residence-du-capricorne.fr\/wp-content\/uploads\/2020\/05\/DSC8356-1200x960.jpg 1200w\" sizes=\"(max-width: 709px) 85vw, (max-width: 909px) 67vw, (max-width: 1362px) 62vw, 840px\" \/><\/figure><\/li><li class=\"blocks-gallery-item\"><figure><img loading=\"lazy\" width=\"1024\" height=\"819\" src=\"https:\/\/residence-du-capricorne.fr\/wp-content\/uploads\/2020\/05\/DSC8357-1024x819.jpg\" alt=\"\" data-id=\"457\" data-full-url=\"https:\/\/residence-du-capricorne.fr\/wp-content\/uploads\/2020\/05\/DSC8357-scaled.jpg\" data-link=\"https:\/\/residence-du-capricorne.fr\/index.php\/la-chaufferie\/dsc8357\/\" class=\"wp-image-457\" srcset=\"https:\/\/residence-du-capricorne.fr\/wp-content\/uploads\/2020\/05\/DSC8357-1024x819.jpg 1024w, https:\/\/residence-du-capricorne.fr\/wp-content\/uploads\/2020\/05\/DSC8357-300x240.jpg 300w, https:\/\/residence-du-capricorne.fr\/wp-content\/uploads\/2020\/05\/DSC8357-768x614.jpg 768w, https:\/\/residence-du-capricorne.fr\/wp-content\/uploads\/2020\/05\/DSC8357-1536x1229.jpg 1536w, https:\/\/residence-du-capricorne.fr\/wp-content\/uploads\/2020\/05\/DSC8357-2048x1638.jpg 2048w, https:\/\/residence-du-capricorne.fr\/wp-content\/uploads\/2020\/05\/DSC8357-1200x960.jpg 1200w\" sizes=\"(max-width: 709px) 85vw, (max-width: 909px) 67vw, (max-width: 1362px) 62vw, 840px\" \/><\/figure><\/li><li class=\"blocks-gallery-item\"><figure><img loading=\"lazy\" width=\"1024\" height=\"819\" src=\"https:\/\/residence-du-capricorne.fr\/wp-content\/uploads\/2020\/05\/DSC8360-1024x819.jpg\" alt=\"\" data-id=\"458\" data-full-url=\"https:\/\/residence-du-capricorne.fr\/wp-content\/uploads\/2020\/05\/DSC8360-scaled.jpg\" data-link=\"https:\/\/residence-du-capricorne.fr\/index.php\/la-chaufferie\/dsc8360\/\" class=\"wp-image-458\" srcset=\"https:\/\/residence-du-capricorne.fr\/wp-content\/uploads\/2020\/05\/DSC8360-1024x819.jpg 1024w, https:\/\/residence-du-capricorne.fr\/wp-content\/uploads\/2020\/05\/DSC8360-300x240.jpg 300w, https:\/\/residence-du-capricorne.fr\/wp-content\/uploads\/2020\/05\/DSC8360-768x614.jpg 768w, https:\/\/residence-du-capricorne.fr\/wp-content\/uploads\/2020\/05\/DSC8360-1536x1229.jpg 1536w, https:\/\/residence-du-capricorne.fr\/wp-content\/uploads\/2020\/05\/DSC8360-2048x1638.jpg 2048w, https:\/\/residence-du-capricorne.fr\/wp-content\/uploads\/2020\/05\/DSC8360-1200x960.jpg 1200w\" sizes=\"(max-width: 709px) 85vw, (max-width: 909px) 67vw, (max-width: 1362px) 62vw, 840px\" \/><\/figure><\/li><li class=\"blocks-gallery-item\"><figure><img loading=\"lazy\" width=\"1024\" height=\"819\" src=\"https:\/\/residence-du-capricorne.fr\/wp-content\/uploads\/2020\/05\/DSC8363-1024x819.jpg\" alt=\"\" data-id=\"459\" data-full-url=\"https:\/\/residence-du-capricorne.fr\/wp-content\/uploads\/2020\/05\/DSC8363-scaled.jpg\" data-link=\"https:\/\/residence-du-capricorne.fr\/index.php\/la-chaufferie\/dsc8363\/\" class=\"wp-image-459\" srcset=\"https:\/\/residence-du-capricorne.fr\/wp-content\/uploads\/2020\/05\/DSC8363-1024x819.jpg 1024w, https:\/\/residence-du-capricorne.fr\/wp-content\/uploads\/2020\/05\/DSC8363-300x240.jpg 300w, https:\/\/residence-du-capricorne.fr\/wp-content\/uploads\/2020\/05\/DSC8363-768x614.jpg 768w, https:\/\/residence-du-capricorne.fr\/wp-content\/uploads\/2020\/05\/DSC8363-1536x1229.jpg 1536w, https:\/\/residence-du-capricorne.fr\/wp-content\/uploads\/2020\/05\/DSC8363-2048x1638.jpg 2048w, https:\/\/residence-du-capricorne.fr\/wp-content\/uploads\/2020\/05\/DSC8363-1200x960.jpg 1200w\" sizes=\"(max-width: 709px) 85vw, (max-width: 909px) 67vw, (max-width: 1362px) 62vw, 840px\" \/><\/figure><\/li><li class=\"blocks-gallery-item\"><figure><img loading=\"lazy\" width=\"1024\" height=\"819\" src=\"https:\/\/residence-du-capricorne.fr\/wp-content\/uploads\/2020\/05\/DSC8365-1024x819.jpg\" alt=\"\" data-id=\"461\" data-full-url=\"https:\/\/residence-du-capricorne.fr\/wp-content\/uploads\/2020\/05\/DSC8365-scaled.jpg\" data-link=\"https:\/\/residence-du-capricorne.fr\/index.php\/la-chaufferie\/dsc8365\/\" class=\"wp-image-461\" srcset=\"https:\/\/residence-du-capricorne.fr\/wp-content\/uploads\/2020\/05\/DSC8365-1024x819.jpg 1024w, https:\/\/residence-du-capricorne.fr\/wp-content\/uploads\/2020\/05\/DSC8365-300x240.jpg 300w, https:\/\/residence-du-capricorne.fr\/wp-content\/uploads\/2020\/05\/DSC8365-768x614.jpg 768w, https:\/\/residence-du-capricorne.fr\/wp-content\/uploads\/2020\/05\/DSC8365-1536x1229.jpg 1536w, https:\/\/residence-du-capricorne.fr\/wp-content\/uploads\/2020\/05\/DSC8365-2048x1638.jpg 2048w, https:\/\/residence-du-capricorne.fr\/wp-content\/uploads\/2020\/05\/DSC8365-1200x960.jpg 1200w\" sizes=\"(max-width: 709px) 85vw, (max-width: 909px) 67vw, (max-width: 1362px) 62vw, 840px\" \/><\/figure><\/li><\/ul><\/figure>\n\n\n\n<p><\/p>\n","protected":false},"excerpt":{"rendered":"<p>Article en cours de r\u00e9daction sur le fonctionnement de la chaufferie. La centrale de g\u00e9othermie Sofr\u00e8ge, install\u00e9e \u00e0 Fresnes, fournit en grande majorit\u00e9 la chaleur pour la r\u00e9sidence (chauffage et eau chaude). Cette installation permet d\u2019\u00e9viter le recours massif aux \u00e9nergies fossiles et donc de limiter les \u00e9missions de gaz \u00e0 effet de serre. La &hellip; <a href=\"https:\/\/residence-du-capricorne.fr\/index.php\/la-chaufferie\/\" class=\"more-link\">Continuer la lecture<span class=\"screen-reader-text\"> de &laquo;&nbsp;Chaufferie&nbsp;&raquo;<\/span><\/a><\/p>\n","protected":false},"author":8,"featured_media":0,"parent":0,"menu_order":0,"comment_status":"closed","ping_status":"closed","template":"","meta":[],"_links":{"self":[{"href":"https:\/\/residence-du-capricorne.fr\/index.php\/wp-json\/wp\/v2\/pages\/276"}],"collection":[{"href":"https:\/\/residence-du-capricorne.fr\/index.php\/wp-json\/wp\/v2\/pages"}],"about":[{"href":"https:\/\/residence-du-capricorne.fr\/index.php\/wp-json\/wp\/v2\/types\/page"}],"author":[{"embeddable":true,"href":"https:\/\/residence-du-capricorne.fr\/index.php\/wp-json\/wp\/v2\/users\/8"}],"replies":[{"embeddable":true,"href":"https:\/\/residence-du-capricorne.fr\/index.php\/wp-json\/wp\/v2\/comments?post=276"}],"version-history":[{"count":7,"href":"https:\/\/residence-du-capricorne.fr\/index.php\/wp-json\/wp\/v2\/pages\/276\/revisions"}],"predecessor-version":[{"id":611,"href":"https:\/\/residence-du-capricorne.fr\/index.php\/wp-json\/wp\/v2\/pages\/276\/revisions\/611"}],"wp:attachment":[{"href":"https:\/\/residence-du-capricorne.fr\/index.php\/wp-json\/wp\/v2\/media?parent=276"}],"curies":[{"name":"wp","href":"https:\/\/api.w.org\/{rel}","templated":true}]}}