{"id":211,"date":"2020-04-04T10:18:38","date_gmt":"2020-04-04T08:18:38","guid":{"rendered":"https:\/\/residence-du-capricorne.fr\/?page_id=211"},"modified":"2020-05-12T09:07:45","modified_gmt":"2020-05-12T07:07:45","slug":"reglement-de-copro","status":"publish","type":"page","link":"https:\/\/residence-du-capricorne.fr\/index.php\/reglement-de-copro\/","title":{"rendered":"R\u00e8glement de copro"},"content":{"rendered":"\n<p>Le r\u00e8glement de copropri\u00e9t\u00e9 est accessible aux membres uniquement. N&rsquo;h\u00e9sitez pas \u00e0 envoyer un mail au conseil syndical <a href=\"mailto:cs.capricorne@hotmail.fr\">cs.capricorne@hotmail.fr<\/a> en indiquant votre nom et votre adresse.<\/p>\n\n\n\n<p>Un fois connect\u00e9, vous pouvez consulter <a href=\"https:\/\/residence-du-capricorne.fr\/index.php\/reglement-de-copropriete-document\/\">le r\u00e8glement de copropri\u00e9t\u00e9<\/a> en version PDF. <\/p>\n\n\n\n<div class=\"wp-block-image\"><figure class=\"aligncenter size-large\"><a href=\"https:\/\/residence-du-capricorne.fr\/index.php\/reglement-de-copropriete-document\/\"><img loading=\"lazy\" width=\"604\" height=\"697\" src=\"https:\/\/residence-du-capricorne.fr\/wp-content\/uploads\/2020\/05\/Screenshot-from-2020-05-03-11-43-28.png\" alt=\"\" class=\"wp-image-364\" srcset=\"https:\/\/residence-du-capricorne.fr\/wp-content\/uploads\/2020\/05\/Screenshot-from-2020-05-03-11-43-28.png 604w, https:\/\/residence-du-capricorne.fr\/wp-content\/uploads\/2020\/05\/Screenshot-from-2020-05-03-11-43-28-260x300.png 260w\" sizes=\"(max-width: 604px) 85vw, 604px\" \/><\/a><\/figure><\/div>\n","protected":false},"excerpt":{"rendered":"<p>Le r\u00e8glement de copropri\u00e9t\u00e9 est accessible aux membres uniquement. N&rsquo;h\u00e9sitez pas \u00e0 envoyer un mail au conseil syndical cs.capricorne@hotmail.fr en indiquant votre nom et votre adresse. Un fois connect\u00e9, vous pouvez consulter le r\u00e8glement de copropri\u00e9t\u00e9 en version PDF.<\/p>\n","protected":false},"author":1,"featured_media":0,"parent":0,"menu_order":0,"comment_status":"closed","ping_status":"closed","template":"","meta":[],"_links":{"self":[{"href":"https:\/\/residence-du-capricorne.fr\/index.php\/wp-json\/wp\/v2\/pages\/211"}],"collection":[{"href":"https:\/\/residence-du-capricorne.fr\/index.php\/wp-json\/wp\/v2\/pages"}],"about":[{"href":"https:\/\/residence-du-capricorne.fr\/index.php\/wp-json\/wp\/v2\/types\/page"}],"author":[{"embeddable":true,"href":"https:\/\/residence-du-capricorne.fr\/index.php\/wp-json\/wp\/v2\/users\/1"}],"replies":[{"embeddable":true,"href":"https:\/\/residence-du-capricorne.fr\/index.php\/wp-json\/wp\/v2\/comments?post=211"}],"version-history":[{"count":8,"href":"https:\/\/residence-du-capricorne.fr\/index.php\/wp-json\/wp\/v2\/pages\/211\/revisions"}],"predecessor-version":[{"id":528,"href":"https:\/\/residence-du-capricorne.fr\/index.php\/wp-json\/wp\/v2\/pages\/211\/revisions\/528"}],"wp:attachment":[{"href":"https:\/\/residence-du-capricorne.fr\/index.php\/wp-json\/wp\/v2\/media?parent=211"}],"curies":[{"name":"wp","href":"https:\/\/api.w.org\/{rel}","templated":true}]}}