{"id":209,"date":"2020-04-04T10:15:01","date_gmt":"2020-04-04T08:15:01","guid":{"rendered":"https:\/\/residence-du-capricorne.fr\/?page_id=209"},"modified":"2020-05-03T15:40:25","modified_gmt":"2020-05-03T13:40:25","slug":"nouvel-arrivant","status":"publish","type":"page","link":"https:\/\/residence-du-capricorne.fr\/index.php\/nouvel-arrivant\/","title":{"rendered":"Nouveaux arrivants"},"content":{"rendered":"\n<p>Document en cours de cr\u00e9ation. Ce guide aura pour but de donner aux nouveaux arrivants toutes les informations concernant la vie dans la r\u00e9sidence.<\/p>\n\n\n\n<p>En attendant, vous pouvez consulter <a href=\"https:\/\/residence-du-capricorne.fr\/index.php\/reglement-de-copro\/\">le r\u00e8glement de copropri\u00e9t\u00e9<\/a>.<\/p>\n","protected":false},"excerpt":{"rendered":"<p>Document en cours de cr\u00e9ation. Ce guide aura pour but de donner aux nouveaux arrivants toutes les informations concernant la vie dans la r\u00e9sidence. En attendant, vous pouvez consulter le r\u00e8glement de copropri\u00e9t\u00e9.<\/p>\n","protected":false},"author":1,"featured_media":0,"parent":0,"menu_order":0,"comment_status":"closed","ping_status":"closed","template":"","meta":[],"_links":{"self":[{"href":"https:\/\/residence-du-capricorne.fr\/index.php\/wp-json\/wp\/v2\/pages\/209"}],"collection":[{"href":"https:\/\/residence-du-capricorne.fr\/index.php\/wp-json\/wp\/v2\/pages"}],"about":[{"href":"https:\/\/residence-du-capricorne.fr\/index.php\/wp-json\/wp\/v2\/types\/page"}],"author":[{"embeddable":true,"href":"https:\/\/residence-du-capricorne.fr\/index.php\/wp-json\/wp\/v2\/users\/1"}],"replies":[{"embeddable":true,"href":"https:\/\/residence-du-capricorne.fr\/index.php\/wp-json\/wp\/v2\/comments?post=209"}],"version-history":[{"count":5,"href":"https:\/\/residence-du-capricorne.fr\/index.php\/wp-json\/wp\/v2\/pages\/209\/revisions"}],"predecessor-version":[{"id":703,"href":"https:\/\/residence-du-capricorne.fr\/index.php\/wp-json\/wp\/v2\/pages\/209\/revisions\/703"}],"wp:attachment":[{"href":"https:\/\/residence-du-capricorne.fr\/index.php\/wp-json\/wp\/v2\/media?parent=209"}],"curies":[{"name":"wp","href":"https:\/\/api.w.org\/{rel}","templated":true}]}}